{"id":123,"date":"2025-03-11T09:27:08","date_gmt":"2025-03-11T09:27:08","guid":{"rendered":"https:\/\/karateboucherville.com\/boutique\/?post_type=product&#038;p=123"},"modified":"2025-03-11T18:15:10","modified_gmt":"2025-03-11T18:15:10","slug":"karate-gi-shureido-okinawa-japon","status":"publish","type":"product","link":"https:\/\/karateboucherville.com\/boutique\/produit\/karate-gi-shureido-okinawa-japon\/","title":{"rendered":"Karate Gi SHUREIDO, OKINAWA, JAPON"},"content":{"rendered":"<p>Votre grandeur sera d\u00e9termin\u00e9e \u00e0 l&rsquo;\u00e9cole.<\/p>\n","protected":false},"excerpt":{"rendered":"<p>Votre grandeur sera d\u00e9termin\u00e9e \u00e0 l&rsquo;\u00e9cole.<\/p>\n","protected":false},"featured_media":124,"template":"","meta":[],"product_brand":[],"product_cat":[16],"product_tag":[],"class_list":{"0":"post-123","1":"product","2":"type-product","3":"status-publish","4":"has-post-thumbnail","6":"product_cat-non-classe","8":"first","9":"instock","10":"shipping-taxable","11":"purchasable","12":"product-type-simple"},"_links":{"self":[{"href":"https:\/\/karateboucherville.com\/boutique\/wp-json\/wp\/v2\/product\/123","targetHints":{"allow":["GET"]}}],"collection":[{"href":"https:\/\/karateboucherville.com\/boutique\/wp-json\/wp\/v2\/product"}],"about":[{"href":"https:\/\/karateboucherville.com\/boutique\/wp-json\/wp\/v2\/types\/product"}],"wp:featuredmedia":[{"embeddable":true,"href":"https:\/\/karateboucherville.com\/boutique\/wp-json\/wp\/v2\/media\/124"}],"wp:attachment":[{"href":"https:\/\/karateboucherville.com\/boutique\/wp-json\/wp\/v2\/media?parent=123"}],"wp:term":[{"taxonomy":"product_brand","embeddable":true,"href":"https:\/\/karateboucherville.com\/boutique\/wp-json\/wp\/v2\/product_brand?post=123"},{"taxonomy":"product_cat","embeddable":true,"href":"https:\/\/karateboucherville.com\/boutique\/wp-json\/wp\/v2\/product_cat?post=123"},{"taxonomy":"product_tag","embeddable":true,"href":"https:\/\/karateboucherville.com\/boutique\/wp-json\/wp\/v2\/product_tag?post=123"}],"curies":[{"name":"wp","href":"https:\/\/api.w.org\/{rel}","templated":true}]}}