{"id":120,"date":"2025-03-11T09:26:11","date_gmt":"2025-03-11T09:26:11","guid":{"rendered":"https:\/\/karateboucherville.com\/boutique\/?post_type=product&#038;p=120"},"modified":"2025-03-11T18:15:21","modified_gmt":"2025-03-11T18:15:21","slug":"karate-gi-intermediaire","status":"publish","type":"product","link":"https:\/\/karateboucherville.com\/boutique\/produit\/karate-gi-intermediaire\/","title":{"rendered":"Karate Gi Interm\u00e9diaire"},"content":{"rendered":"<p>Votre grandeur sera d\u00e9termin\u00e9e \u00e0 l&rsquo;\u00e9cole.<\/p>\n","protected":false},"excerpt":{"rendered":"<p>Votre grandeur sera d\u00e9termin\u00e9e \u00e0 l&rsquo;\u00e9cole<\/p>\n","protected":false},"featured_media":121,"template":"","meta":[],"product_brand":[],"product_cat":[16],"product_tag":[],"class_list":{"0":"post-120","1":"product","2":"type-product","3":"status-publish","4":"has-post-thumbnail","6":"product_cat-non-classe","8":"first","9":"instock","10":"shipping-taxable","11":"purchasable","12":"product-type-simple"},"_links":{"self":[{"href":"https:\/\/karateboucherville.com\/boutique\/wp-json\/wp\/v2\/product\/120","targetHints":{"allow":["GET"]}}],"collection":[{"href":"https:\/\/karateboucherville.com\/boutique\/wp-json\/wp\/v2\/product"}],"about":[{"href":"https:\/\/karateboucherville.com\/boutique\/wp-json\/wp\/v2\/types\/product"}],"wp:featuredmedia":[{"embeddable":true,"href":"https:\/\/karateboucherville.com\/boutique\/wp-json\/wp\/v2\/media\/121"}],"wp:attachment":[{"href":"https:\/\/karateboucherville.com\/boutique\/wp-json\/wp\/v2\/media?parent=120"}],"wp:term":[{"taxonomy":"product_brand","embeddable":true,"href":"https:\/\/karateboucherville.com\/boutique\/wp-json\/wp\/v2\/product_brand?post=120"},{"taxonomy":"product_cat","embeddable":true,"href":"https:\/\/karateboucherville.com\/boutique\/wp-json\/wp\/v2\/product_cat?post=120"},{"taxonomy":"product_tag","embeddable":true,"href":"https:\/\/karateboucherville.com\/boutique\/wp-json\/wp\/v2\/product_tag?post=120"}],"curies":[{"name":"wp","href":"https:\/\/api.w.org\/{rel}","templated":true}]}}